{"id":78,"date":"2017-12-12T11:24:21","date_gmt":"2017-12-12T15:24:21","guid":{"rendered":"http:\/\/ayuntamiento.guineo\/transparencia\/?page_id=78"},"modified":"2021-06-09T13:14:56","modified_gmt":"2021-06-09T17:14:56","slug":"definicion-oaim-oficina-de-acceso-a-la-informacion-municipal","status":"publish","type":"page","link":"https:\/\/ayuntamientocristobal.gob.do\/transparencia\/definicion-oaim-oficina-de-acceso-a-la-informacion-municipal\/","title":{"rendered":"Definici\u00f3n OAIM (Oficina de Acceso a la Informaci\u00f3n Municipal)"},"content":{"rendered":"<p><strong><span style=\"color: #000000\">Definici\u00f3n oficina de acceso a la informaci\u00f3n. ( OAI )<\/span><\/strong><\/p>\n<p>Es un mandato de\u00a0 la ley general de Libre Acceso a la Informaci\u00f3n P\u00fablica ley 200-04 y del decreto No. 130-05 que crea el el reglamento de dicha ley, con el objetivo de apoyar las entidades y personas tanto p\u00fablicas como privadas mediante las informaciones solicitadas.<\/p>\n<p><b>VISI\u00d3N:\u00a0<\/b><\/p>\n<p>Dar sost\u00e9n a los valores de honestidad integridad eficiencia eficacia calidad y trabajo en equipo del Ayuntamiento municipal apoyando\u00a0 as\u00ed los esfuerzos de transparencia institucional<\/p>\n<p>&nbsp;<\/p>\n<p><strong>MISI\u00d3N:\u00a0<\/strong><\/p>\n<p>Garantizar el acceso de los usuarios a la informaci\u00f3n sobre la gesti\u00f3n del Ayuntamiento Municipal como una forma de validar la transparencia de la instituci\u00f3n<\/p>\n","protected":false},"excerpt":{"rendered":"Definici\u00f3n oficina de acceso a la informaci\u00f3n. ( OAI ) Es un mandato de\u00a0 la ley general de Libre Acceso a la Informaci\u00f3n P\u00fablica ley 200-04 y del decreto No. 130-05 que crea el el reglamento de dicha ley, con el objetivo de apoyar las entidades y personas tanto p\u00fablicas como privadas mediante las informaciones&#8230;","protected":false},"author":4,"featured_media":0,"parent":0,"menu_order":0,"comment_status":"closed","ping_status":"closed","template":"","meta":[],"_links":{"self":[{"href":"https:\/\/ayuntamientocristobal.gob.do\/transparencia\/wp-json\/wp\/v2\/pages\/78"}],"collection":[{"href":"https:\/\/ayuntamientocristobal.gob.do\/transparencia\/wp-json\/wp\/v2\/pages"}],"about":[{"href":"https:\/\/ayuntamientocristobal.gob.do\/transparencia\/wp-json\/wp\/v2\/types\/page"}],"author":[{"embeddable":true,"href":"https:\/\/ayuntamientocristobal.gob.do\/transparencia\/wp-json\/wp\/v2\/users\/4"}],"replies":[{"embeddable":true,"href":"https:\/\/ayuntamientocristobal.gob.do\/transparencia\/wp-json\/wp\/v2\/comments?post=78"}],"version-history":[{"count":5,"href":"https:\/\/ayuntamientocristobal.gob.do\/transparencia\/wp-json\/wp\/v2\/pages\/78\/revisions"}],"predecessor-version":[{"id":663,"href":"https:\/\/ayuntamientocristobal.gob.do\/transparencia\/wp-json\/wp\/v2\/pages\/78\/revisions\/663"}],"wp:attachment":[{"href":"https:\/\/ayuntamientocristobal.gob.do\/transparencia\/wp-json\/wp\/v2\/media?parent=78"}],"curies":[{"name":"wp","href":"https:\/\/api.w.org\/{rel}","templated":true}]}}