{"id":56,"date":"2017-12-12T10:55:12","date_gmt":"2017-12-12T14:55:12","guid":{"rendered":"http:\/\/ayuntamiento.guineo\/transparencia\/?page_id=56"},"modified":"2021-06-09T13:54:18","modified_gmt":"2021-06-09T17:54:18","slug":"derechos-de-los-ciudadanos","status":"publish","type":"page","link":"https:\/\/ayuntamientocristobal.gob.do\/transparencia\/derechos-de-los-ciudadanos\/","title":{"rendered":"Derechos de los Ciudadanos"},"content":{"rendered":"<ol>\n<li>Solicitar y recibir informaci\u00f3n completa, veraz, adecuada y oportuna, del Ayuntamiento Municipal de Crist\u00f3bal .<\/li>\n<li>Acceder a informaci\u00f3n contenida en actas y expedientes de la Ayuntamiento Municipal de Crist\u00f3bal, as\u00ed como estar informado peri\u00f3dicamente, cuando lo requiera, de las actividades que desarrollan entidades y personas que cumplen funciones en la instituci\u00f3n.<\/li>\n<li>Buscar, solicitar, recibir y difundir informaci\u00f3n perteneciente de la Ayuntamiento Municipal de Crist\u00f3bal , y de formular consultas a las entidades y personas que cumplan funciones en la misma y obtener copia de los documentos que recopilen informaci\u00f3n sobre el ejercicio de las actividades de su competencia.<\/li>\n<li>Recibir la informaci\u00f3n, sencilla y accesible, sobre los tr\u00e1mites y procedimientos necesarios para agotar la solicitud de las informaciones que requieran, solicitar orientaci\u00f3n o formular quejas, consultas o reclamos sobre la prestaci\u00f3n del servicio o sobre el ejercicio de las funciones o competencias a cargo de la entidad o persona de que se trate.<\/li>\n<li>Recibir la informaci\u00f3n en el tiempo establecido, en el formato existente y por la v\u00eda acordada en el formulario de solicitud.<\/li>\n<li>Acceder a la informaci\u00f3n de forma gratuita, en tanto no requiera la reproducci\u00f3n de la misma.<\/li>\n<li>Ser notificado oportunamente y por escrito sobre limitaciones y excepciones para hacer disponible la informaci\u00f3n solicitada y el fundamento legal de la denegatoria.<\/li>\n<li>Recurrir a las autoridades jer\u00e1rquicas superiores del ente u \u00f3rgano de que se trate, a fin de resolver de forma definitiva la denegaci\u00f3n de la informaci\u00f3n solicitada, cuando \u00e9sta se debe a razones de reserva o confidencialidad o cuando no est\u00e9 conforme con la decisi\u00f3n adoptada.<\/li>\n<\/ol>\n<p>9.Obtener un recurso de amparo ante el Tribunal Contencioso Administrativo en los casos en que el organismo o la persona a quien se haya solicitado la informaci\u00f3n, no ofrezca \u00e9sta en el tiempo establecido para ello o, cuando el \u00f3rgano superior jer\u00e1rquico no fallare el recurso interpuesto en el tiempo establecido.<\/p>\n<p>En cumplimiento a la Ley 200-04 y el Decreto 130-05, el acceso a la informaci\u00f3n se har\u00e1 efectivo siempre y cuando no afecte la seguridad nacional, el orden p\u00fablico, la salud o la moral p\u00fablica o el derecho a la privacidad e intimidad de un tercero o el derecho a la reputaci\u00f3n de los dem\u00e1s.<\/p>\n","protected":false},"excerpt":{"rendered":"Solicitar y recibir informaci\u00f3n completa, veraz, adecuada y oportuna, del Ayuntamiento Municipal de Crist\u00f3bal . Acceder a informaci\u00f3n contenida en actas y expedientes de la Ayuntamiento Municipal de Crist\u00f3bal, as\u00ed como estar informado peri\u00f3dicamente, cuando lo requiera, de las actividades que desarrollan entidades y personas que cumplen funciones en la instituci\u00f3n. Buscar, solicitar, recibir y&#8230;","protected":false},"author":4,"featured_media":0,"parent":0,"menu_order":0,"comment_status":"closed","ping_status":"closed","template":"","meta":[],"_links":{"self":[{"href":"https:\/\/ayuntamientocristobal.gob.do\/transparencia\/wp-json\/wp\/v2\/pages\/56"}],"collection":[{"href":"https:\/\/ayuntamientocristobal.gob.do\/transparencia\/wp-json\/wp\/v2\/pages"}],"about":[{"href":"https:\/\/ayuntamientocristobal.gob.do\/transparencia\/wp-json\/wp\/v2\/types\/page"}],"author":[{"embeddable":true,"href":"https:\/\/ayuntamientocristobal.gob.do\/transparencia\/wp-json\/wp\/v2\/users\/4"}],"replies":[{"embeddable":true,"href":"https:\/\/ayuntamientocristobal.gob.do\/transparencia\/wp-json\/wp\/v2\/comments?post=56"}],"version-history":[{"count":4,"href":"https:\/\/ayuntamientocristobal.gob.do\/transparencia\/wp-json\/wp\/v2\/pages\/56\/revisions"}],"predecessor-version":[{"id":379,"href":"https:\/\/ayuntamientocristobal.gob.do\/transparencia\/wp-json\/wp\/v2\/pages\/56\/revisions\/379"}],"wp:attachment":[{"href":"https:\/\/ayuntamientocristobal.gob.do\/transparencia\/wp-json\/wp\/v2\/media?parent=56"}],"curies":[{"name":"wp","href":"https:\/\/api.w.org\/{rel}","templated":true}]}}