{"id":258,"date":"2018-01-22T10:17:40","date_gmt":"2018-01-22T14:17:40","guid":{"rendered":"http:\/\/ayuntamiento.o\/transparencia\/?page_id=258"},"modified":"2025-01-14T10:11:49","modified_gmt":"2025-01-14T14:11:49","slug":"responsable-de-acceso-a-la-informacion","status":"publish","type":"page","link":"https:\/\/ayuntamientocristobal.gob.do\/transparencia\/responsable-de-acceso-a-la-informacion\/","title":{"rendered":"Responsable de Acceso a la Informaci\u00f3n"},"content":{"rendered":"<p class=\"paragraph ng-attr-widget\"><strong><span style=\"font-size: 14pt\"><span style=\"color: #000000\">Se\u00f1or,<\/span> Manuel Francisco Pe\u00f1a Encarnaci\u00f3n\u00a0<\/span><\/strong><\/p>\n<p class=\"paragraph ng-attr-widget\"><strong style=\"color: #3366ff\">Responsable de acces<\/strong><strong style=\"color: #3366ff\">o a la informacion (RAI)<\/strong><\/p>\n<p>Telefonos: 809 393 11 19 &#8211; 829-517-5857<\/p>\n<p>correo : <strong>Ayuntamientodecristobal@gmail.com<\/strong><\/p>\n<p>Direccion : calle 24 de abril n\u00b042 frente al parque \/ cristobal ,Independencia<\/p>\n<p>\u00a0<\/p>\n<p>\u00a0<\/p>\n<p>\u00a0<\/p>\n\n\n<div class=\"wp-block-file\"><object class=\"wp-block-file__embed\" data=\"https:\/\/ayuntamientocristobal.gob.do\/transparencia\/wp-content\/uploads\/2025\/01\/OAIM-sen\u0303alizada.pdf\" type=\"application\/pdf\" style=\"width:100%;height:600px\" aria-label=\"Incrustado de OAIM-sen\u0303alizada.\"><\/object><a id=\"wp-block-file--media-23576056-842f-42c0-b3ac-768e7397b488\" href=\"https:\/\/ayuntamientocristobal.gob.do\/transparencia\/wp-content\/uploads\/2025\/01\/OAIM-sen\u0303alizada.pdf\">OAIM-sen\u0303alizada<\/a><a href=\"https:\/\/ayuntamientocristobal.gob.do\/transparencia\/wp-content\/uploads\/2025\/01\/OAIM-sen\u0303alizada.pdf\" class=\"wp-block-file__button\" download aria-describedby=\"wp-block-file--media-23576056-842f-42c0-b3ac-768e7397b488\">Descarga<\/a><\/div>\n\n\n\n<div class=\"wp-block-file\"><object class=\"wp-block-file__embed\" data=\"https:\/\/ayuntamientocristobal.gob.do\/transparencia\/wp-content\/uploads\/2025\/01\/Contacto.pdf\" type=\"application\/pdf\" style=\"width:100%;height:600px\" aria-label=\"Incrustado de Contacto.\"><\/object><a id=\"wp-block-file--media-8664b88d-0039-4dae-bf70-1677910b84c1\" href=\"https:\/\/ayuntamientocristobal.gob.do\/transparencia\/wp-content\/uploads\/2025\/01\/Contacto.pdf\">Contacto<\/a><a href=\"https:\/\/ayuntamientocristobal.gob.do\/transparencia\/wp-content\/uploads\/2025\/01\/Contacto.pdf\" class=\"wp-block-file__button\" download aria-describedby=\"wp-block-file--media-8664b88d-0039-4dae-bf70-1677910b84c1\">Descarga<\/a><\/div>\n\n\n\n<div class=\"wp-block-file\"><object class=\"wp-block-file__embed\" data=\"https:\/\/ayuntamientocristobal.gob.do\/transparencia\/wp-content\/uploads\/2025\/01\/Designacion.pdf\" type=\"application\/pdf\" style=\"width:100%;height:600px\" aria-label=\"Incrustado de Designacion.\"><\/object><a id=\"wp-block-file--media-6037ee69-4c14-41ee-80f9-44fb724cb6ad\" href=\"https:\/\/ayuntamientocristobal.gob.do\/transparencia\/wp-content\/uploads\/2025\/01\/Designacion.pdf\">Designacion<\/a><a href=\"https:\/\/ayuntamientocristobal.gob.do\/transparencia\/wp-content\/uploads\/2025\/01\/Designacion.pdf\" class=\"wp-block-file__button\" download aria-describedby=\"wp-block-file--media-6037ee69-4c14-41ee-80f9-44fb724cb6ad\">Descarga<\/a><\/div>\n\n\n\n<div class=\"wp-block-file\"><object class=\"wp-block-file__embed\" data=\"https:\/\/ayuntamientocristobal.gob.do\/transparencia\/wp-content\/uploads\/2025\/01\/Formulario-de-solicitud-de-informacin.pdf\" type=\"application\/pdf\" style=\"width:100%;height:600px\" aria-label=\"Incrustado de Formulario-de-solicitud-de-informacin.\"><\/object><a id=\"wp-block-file--media-9237440b-3b07-48e5-8e0c-85c181bd8563\" href=\"https:\/\/ayuntamientocristobal.gob.do\/transparencia\/wp-content\/uploads\/2025\/01\/Formulario-de-solicitud-de-informacin.pdf\">Formulario-de-solicitud-de-informacin<\/a><a href=\"https:\/\/ayuntamientocristobal.gob.do\/transparencia\/wp-content\/uploads\/2025\/01\/Formulario-de-solicitud-de-informacin.pdf\" class=\"wp-block-file__button\" download aria-describedby=\"wp-block-file--media-9237440b-3b07-48e5-8e0c-85c181bd8563\">Descarga<\/a><\/div>\n","protected":false},"excerpt":{"rendered":"Se\u00f1or, Manuel Francisco Pe\u00f1a Encarnaci\u00f3n\u00a0 Responsable de acceso a la informacion (RAI) Telefonos: 809 393 11 19 &#8211; 829-517-5857 correo : Ayuntamientodecristobal@gmail.com Direccion : calle 24 de abril n\u00b042 frente al parque \/ cristobal ,Independencia \u00a0 \u00a0 \u00a0","protected":false},"author":4,"featured_media":0,"parent":0,"menu_order":0,"comment_status":"closed","ping_status":"closed","template":"","meta":[],"_links":{"self":[{"href":"https:\/\/ayuntamientocristobal.gob.do\/transparencia\/wp-json\/wp\/v2\/pages\/258"}],"collection":[{"href":"https:\/\/ayuntamientocristobal.gob.do\/transparencia\/wp-json\/wp\/v2\/pages"}],"about":[{"href":"https:\/\/ayuntamientocristobal.gob.do\/transparencia\/wp-json\/wp\/v2\/types\/page"}],"author":[{"embeddable":true,"href":"https:\/\/ayuntamientocristobal.gob.do\/transparencia\/wp-json\/wp\/v2\/users\/4"}],"replies":[{"embeddable":true,"href":"https:\/\/ayuntamientocristobal.gob.do\/transparencia\/wp-json\/wp\/v2\/comments?post=258"}],"version-history":[{"count":8,"href":"https:\/\/ayuntamientocristobal.gob.do\/transparencia\/wp-json\/wp\/v2\/pages\/258\/revisions"}],"predecessor-version":[{"id":1114,"href":"https:\/\/ayuntamientocristobal.gob.do\/transparencia\/wp-json\/wp\/v2\/pages\/258\/revisions\/1114"}],"wp:attachment":[{"href":"https:\/\/ayuntamientocristobal.gob.do\/transparencia\/wp-json\/wp\/v2\/media?parent=258"}],"curies":[{"name":"wp","href":"https:\/\/api.w.org\/{rel}","templated":true}]}}